{"id":486,"date":"2022-05-17T14:03:24","date_gmt":"2022-05-17T12:03:24","guid":{"rendered":"https:\/\/smart.poznan.pl\/?page_id=486"},"modified":"2022-05-17T14:57:42","modified_gmt":"2022-05-17T12:57:42","slug":"rekrutacja","status":"publish","type":"page","link":"https:\/\/smart.poznan.pl\/?page_id=486","title":{"rendered":""},"content":{"rendered":"<p><a name=\"#rekrutacja\"><\/a><\/p>\n<h3><strong>Zatrudnimy serwisant\u00f3w IT<\/strong><\/h3>\n<p><strong>Wymagania:<\/strong><\/p>\n<p>&#8211; bieg\u0142a znajomo\u015b\u0107 sprz\u0119tu IT i oprogramowania systemowego;<br \/>\n&#8211; do\u015bwiadczenie w bran\u017cy IT;<br \/>\n&#8211; dyspozycyjno\u015b\u0107;<br \/>\n&#8211; komunikatywno\u015b\u0107;<br \/>\n&#8211; uczciwo\u015b\u0107;<br \/>\n&#8211; prawo jazdy.<\/p>\n<p>Z uwagi na bezpo\u015bredni\u0105 prac\u0119 z u\u017cytkownikami infrastruktury IT <strong>wskazane wysokie umiej\u0119tno\u015bci interpersonalne<\/strong>.<br \/>\nPraca g\u0142\u00f3wnie w siedzibach klient\u00f3w firmy oraz konsultacje i pomoc zdalna.<\/p>\n<p><strong>Oczekujemy:<\/strong><\/p>\n<p>&#8211; przeprowadzania czynno\u015bci administracyjnych w \u015brodowiskach MS Windows Server, VMware<br \/>\n&#8211; rozwi\u0105zywania bie\u017c\u0105cych problem\u00f3w sprz\u0119towo \/ programowych u\u017cytkownik\u00f3w;<br \/>\n&#8211; instalacji \/ konfiguracji stacji roboczych oraz urz\u0105dze\u0144 peryferyjnych i mobilnych.<\/p>\n<p><strong>W zamian oferujemy:<\/strong><\/p>\n<p>&#8211; umow\u0119 o prac\u0119 w pe\u0142nym wymiarze;<br \/>\n&#8211; stabilne zatrudnienie;<br \/>\n&#8211; mo\u017cliwo\u015b\u0107 rozwoju zawodowego;<br \/>\n&#8211; wynagrodzenie adekwatne do \u015bwiadczonej pracy.<\/p>\n<p>Osoby zainteresowane prosimy o przesy\u0142anie aplikacji na adres: <strong> <a href=\"mailto:rekrutacja@smart.poznan.pl\">rekrutacja@smart.poznan.pl<\/a> <\/strong><\/p>\n<p><em>Prosimy o zamieszczenie w aplikacji klauzuli: \u201eWyra\u017cam zgod\u0119 na przetwarzanie moich danych osobowych dla potrzeb niezb\u0119dnych do realizacji procesu rekrutacji (zgodnie z ustaw\u0105 o ochronie danych osobowych z dnia 29.08.1997r. Dz. Ust. 133 poz. 883).<\/em><\/p>\n","protected":false},"excerpt":{"rendered":"<p>Zatrudnimy serwisant\u00f3w IT Wymagania: &#8211; bieg\u0142a znajomo\u015b\u0107 sprz\u0119tu IT i oprogramowania systemowego; &#8211; do\u015bwiadczenie w bran\u017cy IT; &#8211; dyspozycyjno\u015b\u0107; &#8211; [&hellip;]<\/p>\n","protected":false},"author":1,"featured_media":0,"parent":0,"menu_order":1,"comment_status":"closed","ping_status":"closed","template":"","meta":[],"_links":{"self":[{"href":"https:\/\/smart.poznan.pl\/index.php?rest_route=\/wp\/v2\/pages\/486"}],"collection":[{"href":"https:\/\/smart.poznan.pl\/index.php?rest_route=\/wp\/v2\/pages"}],"about":[{"href":"https:\/\/smart.poznan.pl\/index.php?rest_route=\/wp\/v2\/types\/page"}],"author":[{"embeddable":true,"href":"https:\/\/smart.poznan.pl\/index.php?rest_route=\/wp\/v2\/users\/1"}],"replies":[{"embeddable":true,"href":"https:\/\/smart.poznan.pl\/index.php?rest_route=%2Fwp%2Fv2%2Fcomments&post=486"}],"version-history":[{"count":22,"href":"https:\/\/smart.poznan.pl\/index.php?rest_route=\/wp\/v2\/pages\/486\/revisions"}],"predecessor-version":[{"id":512,"href":"https:\/\/smart.poznan.pl\/index.php?rest_route=\/wp\/v2\/pages\/486\/revisions\/512"}],"wp:attachment":[{"href":"https:\/\/smart.poznan.pl\/index.php?rest_route=%2Fwp%2Fv2%2Fmedia&parent=486"}],"curies":[{"name":"wp","href":"https:\/\/api.w.org\/{rel}","templated":true}]}}